{"id":141,"date":"2018-09-17T08:16:33","date_gmt":"2018-09-17T08:16:33","guid":{"rendered":"https:\/\/visionomi.net\/?page_id=5"},"modified":"2018-09-17T08:16:33","modified_gmt":"2018-09-17T08:16:33","slug":"tervetuloa","status":"publish","type":"page","link":"https:\/\/visionomi.net\/","title":{"rendered":"Tervetuloa"},"content":{"rendered":"<p>Visionomilla on pitk\u00e4 kokemus pienten, konstailemattomien ja tarpeeseen sopivien verkkopalvelujen toimittamisesta.<\/p>\n<p>N\u00e4ytt\u00e4v\u00e4t, toimivat ja tarkoituksenmukaiset kotisivut ovat erinomainen ja kustannustehokas imagonluoja sek\u00e4 markkinointikanava, joka tavoittaa\u00a0kohderyhm\u00e4ns\u00e4 kellon ymp\u00e4ri. Jotta Internetin tarjoamia mahdollisuuksia voitaisiin parhaiten hy\u00f6dynt\u00e4\u00e4\u00a0on t\u00e4ht\u00e4imess\u00e4 juuri yrityksenne n\u00e4k\u00f6inen kokonaisuus. Suunnittelu ja toteutus l\u00e4htee aina yrityksesi tarpeista ja toiveista. P\u00e4\u00e4m\u00e4\u00e4r\u00e4n\u00e4 visuaalinen ja toimiva kokonaisuus. Onnistunut graafinen suunnittelu luo asiakkaallesi kohderyhm\u00e4\u00e4n sopivan\u00a0positiivisia mielikuvia her\u00e4tt\u00e4v\u00e4n assosiaation. Visionomi mahdollistaa\u00a0yrityksen yhdenmukaisen viestint\u00e4ilmeen luomisen.<\/p>\n<p>&nbsp;<\/p>\n","protected":false},"excerpt":{"rendered":"<p>Visionomilla on pitk\u00e4 kokemus pienten, konstailemattomien ja tarpeeseen sopivien verkkopalvelujen toimittamisesta. N\u00e4ytt\u00e4v\u00e4t, toimivat ja tarkoituksenmukaiset kotisivut ovat erinomainen ja kustannustehokas imagonluoja sek\u00e4 markkinointikanava, joka tavoittaa\u00a0kohderyhm\u00e4ns\u00e4 kellon ymp\u00e4ri. Jotta Internetin tarjoamia mahdollisuuksia voitaisiin parhaiten hy\u00f6dynt\u00e4\u00e4\u00a0on t\u00e4ht\u00e4imess\u00e4 juuri yrityksenne n\u00e4k\u00f6inen kokonaisuus. Suunnittelu ja toteutus l\u00e4htee aina yrityksesi tarpeista ja toiveista. P\u00e4\u00e4m\u00e4\u00e4r\u00e4n\u00e4 visuaalinen ja toimiva kokonaisuus. Onnistunut graafinen [&hellip;]<\/p>\n","protected":false},"author":2,"featured_media":0,"parent":0,"menu_order":0,"comment_status":"closed","ping_status":"closed","template":"","meta":{"footnotes":""},"class_list":["post-141","page","type-page","status-publish","czr-hentry"],"_links":{"self":[{"href":"https:\/\/visionomi.net\/index.php?rest_route=\/wp\/v2\/pages\/141","targetHints":{"allow":["GET"]}}],"collection":[{"href":"https:\/\/visionomi.net\/index.php?rest_route=\/wp\/v2\/pages"}],"about":[{"href":"https:\/\/visionomi.net\/index.php?rest_route=\/wp\/v2\/types\/page"}],"author":[{"embeddable":true,"href":"https:\/\/visionomi.net\/index.php?rest_route=\/wp\/v2\/users\/2"}],"replies":[{"embeddable":true,"href":"https:\/\/visionomi.net\/index.php?rest_route=%2Fwp%2Fv2%2Fcomments&post=141"}],"version-history":[{"count":0,"href":"https:\/\/visionomi.net\/index.php?rest_route=\/wp\/v2\/pages\/141\/revisions"}],"wp:attachment":[{"href":"https:\/\/visionomi.net\/index.php?rest_route=%2Fwp%2Fv2%2Fmedia&parent=141"}],"curies":[{"name":"wp","href":"https:\/\/api.w.org\/{rel}","templated":true}]}}